{"id":7112,"date":"2019-11-25T14:34:15","date_gmt":"2019-11-25T13:34:15","guid":{"rendered":"http:\/\/sandbox.fondationpierrefabre.org\/?page_id=7112"},"modified":"2019-12-10T17:06:17","modified_gmt":"2019-12-10T16:06:17","slug":"histoire","status":"publish","type":"page","link":"https:\/\/sandbox.fondationpierrefabre.org\/fr\/connaitre-la-fondation\/histoire\/","title":{"rendered":"Histoire"},"content":{"rendered":"<p><div class=\"fusion-fullwidth fullwidth-box fusion-builder-row-1 hundred-percent-fullwidth non-hundred-percent-height-scrolling\" style=\"--awb-border-radius-top-left:0px;--awb-border-radius-top-right:0px;--awb-border-radius-bottom-right:0px;--awb-border-radius-bottom-left:0px;--awb-background-color:#f2f2f2;--awb-flex-wrap:wrap;\" ><div class=\"fusion-builder-row fusion-row\"><div class=\"fusion-layout-column fusion_builder_column fusion-builder-column-0 fusion_builder_column_1_1 1_1 fusion-one-full fusion-column-first fusion-column-last\" style=\"--awb-bg-size:cover;\"><div class=\"fusion-column-wrapper fusion-flex-column-wrapper-legacy\"><div class=\"fusion-text fusion-text-1\"><h1 style=\"text-align: center;\">Histoire de la Fondation<\/h1>\n<\/div><div class=\"fusion-clearfix\"><\/div><\/div><\/div><\/div><\/div><div class=\"fusion-fullwidth fullwidth-box fusion-builder-row-2 nonhundred-percent-fullwidth non-hundred-percent-height-scrolling\" style=\"--awb-border-radius-top-left:0px;--awb-border-radius-top-right:0px;--awb-border-radius-bottom-right:0px;--awb-border-radius-bottom-left:0px;--awb-margin-top:50px;--awb-margin-bottom:30px;--awb-flex-wrap:wrap;\" ><div class=\"fusion-builder-row fusion-row\"><div class=\"fusion-layout-column fusion_builder_column fusion-builder-column-1 fusion_builder_column_1_1 1_1 fusion-one-full fusion-column-first fusion-column-last mod-focus\" style=\"--awb-padding-top:0px;--awb-padding-right:20px;--awb-padding-bottom:0px;--awb-padding-left:20px;--awb-bg-size:cover;--awb-border-color:#717171;--awb-border-style:solid;--awb-margin-top:20px;--awb-margin-bottom:20px;\"><div class=\"fusion-column-wrapper fusion-flex-column-wrapper-legacy\"><div class=\"fusion-text fusion-text-2\"><h3>1999-2019 \u2013 20 ans d\u2019engagement<\/h3>\n<\/div><div class=\"fusion-builder-row fusion-builder-row-inner fusion-row\"><div class=\"fusion-layout-column fusion_builder_column_inner fusion-builder-nested-column-0 fusion_builder_column_inner_1_2 1_2 fusion-one-half fusion-column-first\" style=\"--awb-bg-size:cover;width:50%;width:calc(50% - ( ( 4% ) * 0.5 ) );margin-right: 4%;\"><div class=\"fusion-column-wrapper fusion-column-has-shadow fusion-flex-column-wrapper-legacy\"><div class=\"fusion-image-element fusion-image-align-center in-legacy-container\" style=\"text-align:center;--awb-caption-title-font-family:var(--h2_typography-font-family);--awb-caption-title-font-weight:var(--h2_typography-font-weight);--awb-caption-title-font-style:var(--h2_typography-font-style);--awb-caption-title-size:var(--h2_typography-font-size);--awb-caption-title-transform:var(--h2_typography-text-transform);--awb-caption-title-line-height:var(--h2_typography-line-height);--awb-caption-title-letter-spacing:var(--h2_typography-letter-spacing);\"><div class=\"imageframe-align-center\"><span class=\" fusion-imageframe imageframe-none imageframe-1 hover-type-none\"><img decoding=\"async\" width=\"600\" height=\"239\" title=\"Square-Magazine-Mockup_Brochure_FR\" src=\"data:image\/svg+xml,%3Csvg%20xmlns%3D%27http%3A%2F%2Fwww.w3.org%2F2000%2Fsvg%27%20width%3D%27800%27%20height%3D%27319%27%20viewBox%3D%270%200%20800%20319%27%3E%3Crect%20width%3D%27800%27%20height%3D%27319%27%20fill-opacity%3D%220%22%2F%3E%3C%2Fsvg%3E\" data-orig-src=\"http:\/\/sandbox.fondationpierrefabre.org\/wp-content\/uploads\/sites\/2\/2019\/12\/Square-Magazine-Mockup_Brochure_FR-2-600x239.jpg\" alt class=\"lazyload img-responsive wp-image-7525\"\/><\/span><\/div><\/div><div class=\"fusion-clearfix\"><\/div><\/div><\/div><div class=\"fusion-layout-column fusion_builder_column_inner fusion-builder-nested-column-1 fusion_builder_column_inner_1_2 1_2 fusion-one-half fusion-column-last\" style=\"--awb-bg-size:cover;--awb-margin-bottom:20px;width:50%;width:calc(50% - ( ( 4% ) * 0.5 ) );\"><div class=\"fusion-column-wrapper fusion-column-has-shadow fusion-flex-column-wrapper-legacy\"><div class=\"fusion-text fusion-text-3\"><p style=\"text-align: left;\">D\u00e9couvrez dans ce document les grandes \u00e9tapes du d\u00e9veloppement de la fondation Pierre Fabre depuis sa reconnaissance d\u2019utilit\u00e9 publique en 1999.<br \/>\nChiffres cl\u00e9s, t\u00e9moignages de nos partenaires et b\u00e9n\u00e9ficiaires, implantation des actions et principaux programmes de la Fondation en photos.<\/p>\n<\/div><div class=\"fusion-sep-clear\"><\/div><div class=\"fusion-separator fusion-full-width-sep\" style=\"margin-left: auto;margin-right: auto;margin-top:25px;margin-bottom:25px;width:100%;\"><\/div><div class=\"fusion-sep-clear\"><\/div><div class=\"fusion-alignleft\"><a class=\"fusion-button button-flat button-small button-custom fusion-button-default button-1 fusion-button-span-no fusion-button-default-type\" style=\"--button_accent_color:#717171;--button_accent_hover_color:#ffffff;--button_border_hover_color:#717171;--button_gradient_top_color:#ffffff;--button_gradient_bottom_color:#ffffff;--button_gradient_top_color_hover:#717171;--button_gradient_bottom_color_hover:#717171;\" target=\"_blank\" rel=\"noopener noreferrer\" href=\"http:\/\/sandbox.fondationpierrefabre.org\/wp-content\/uploads\/sites\/2\/2019\/08\/Brochure_20ans_FPF_V19-.pdf\"><span class=\"fusion-button-text awb-button__text awb-button__text--default\">Lire le PDF<\/span><\/a><\/div><div class=\"fusion-clearfix\"><\/div><\/div><\/div><\/div><div class=\"fusion-clearfix\"><\/div><\/div><\/div><\/div><\/div><div class=\"fusion-fullwidth fullwidth-box fusion-builder-row-3 nonhundred-percent-fullwidth non-hundred-percent-height-scrolling\" style=\"--awb-border-radius-top-left:0px;--awb-border-radius-top-right:0px;--awb-border-radius-bottom-right:0px;--awb-border-radius-bottom-left:0px;--awb-padding-top:30px;--awb-padding-bottom:30px;--awb-background-color:#f2f2f2;--awb-flex-wrap:wrap;\" ><div class=\"fusion-builder-row fusion-row\"><div class=\"fusion-layout-column fusion_builder_column fusion-builder-column-2 fusion_builder_column_1_1 1_1 fusion-one-full fusion-column-first fusion-column-last\" style=\"--awb-bg-size:cover;\"><div class=\"fusion-column-wrapper fusion-column-has-shadow fusion-flex-column-wrapper-legacy\"><div class=\"fusion-sep-clear\"><\/div><div class=\"fusion-separator fusion-full-width-sep\" style=\"margin-left: auto;margin-right: auto;margin-top:5px;margin-bottom:0px;width:100%;\"><\/div><div class=\"fusion-sep-clear\"><\/div><div class=\"fusion-text fusion-text-4\"><p style=\"text-align: center;\"><span style=\"font-size: 18pt; color: #14769e;\"><strong>La Fondation Pierre Fabre en dates :<\/strong><\/span><\/p>\n<\/div>[extlsc id=\"7261\"]<div class=\"fusion-aligncenter\"><a class=\"fusion-button button-flat button-large button-custom fusion-button-default button-2 fusion-button-span-no \" style=\"--button_accent_color:#717171;--button_accent_hover_color:#717171;--button_border_hover_color:#717171;--button_border_width-top:1px;--button_border_width-right:1px;--button_border_width-bottom:1px;--button_border_width-left:1px;--button-border-radius-top-left:0;--button-border-radius-top-right:0;--button-border-radius-bottom-right:0;--button-border-radius-bottom-left:0;--button_gradient_top_color:#f2f2f2;--button_gradient_bottom_color:#f2f2f2;--button_gradient_top_color_hover:#ffffff;--button_gradient_bottom_color_hover:#ffffff;\" target=\"_blank\" rel=\"noopener noreferrer\" href=\"http:\/\/sandbox.fondationpierrefabre.org\/fr\/connaitre-la-fondation\/podcasts\/\"><span class=\"fusion-button-text awb-button__text awb-button__text--default\">Pour en savoir plus, d\u00e9couvrez les podcasts de la Fondation Pierre Fabre <\/span><i class=\"fa-microphone-alt fas awb-button__icon awb-button__icon--default button-icon-right\" aria-hidden=\"true\"><\/i><\/a><\/div><div class=\"fusion-clearfix\"><\/div><\/div><\/div><\/div><\/div><\/p>\n","protected":false},"excerpt":{"rendered":"","protected":false},"author":2,"featured_media":0,"parent":3051,"menu_order":0,"comment_status":"closed","ping_status":"closed","template":"100-width.php","meta":{"_acf_changed":false,"footnotes":""},"class_list":["post-7112","page","type-page","status-publish","hentry"],"acf":[],"yoast_head":"<!-- This site is optimized with the Yoast SEO plugin v27.2 - https:\/\/yoast.com\/product\/yoast-seo-wordpress\/ -->\n<title>Histoire - Sandbox<\/title>\n<meta name=\"robots\" content=\"noindex, follow, max-snippet:-1, max-image-preview:large, max-video-preview:-1\" \/>\n<meta property=\"og:locale\" content=\"fr_FR\" \/>\n<meta property=\"og:type\" content=\"article\" \/>\n<meta property=\"og:title\" content=\"Histoire - Sandbox\" \/>\n<meta property=\"og:url\" content=\"https:\/\/sandbox.fondationpierrefabre.org\/fr\/connaitre-la-fondation\/histoire\/\" \/>\n<meta property=\"og:site_name\" content=\"Sandbox\" \/>\n<meta property=\"article:publisher\" content=\"https:\/\/www.facebook.com\/FondationPierreFabre\/\" \/>\n<meta property=\"article:modified_time\" content=\"2019-12-10T16:06:17+00:00\" \/>\n<meta property=\"og:image\" content=\"https:\/\/sandbox.fondationpierrefabre.org\/wp-content\/uploads\/sites\/9\/2018\/04\/fondation-pierre-fabre-logo.png\" \/>\n\t<meta property=\"og:image:width\" content=\"240\" \/>\n\t<meta property=\"og:image:height\" content=\"60\" \/>\n\t<meta property=\"og:image:type\" content=\"image\/png\" \/>\n<meta name=\"twitter:card\" content=\"summary_large_image\" \/>\n<meta name=\"twitter:site\" content=\"@FondationPFabre\" \/>\n<meta name=\"twitter:label1\" content=\"Dur\u00e9e de lecture estim\u00e9e\" \/>\n\t<meta name=\"twitter:data1\" content=\"8 minutes\" \/>\n<script type=\"application\/ld+json\" class=\"yoast-schema-graph\">{\"@context\":\"https:\/\/schema.org\",\"@graph\":[{\"@type\":\"WebPage\",\"@id\":\"https:\/\/sandbox.fondationpierrefabre.org\/fr\/connaitre-la-fondation\/histoire\/\",\"url\":\"https:\/\/sandbox.fondationpierrefabre.org\/fr\/connaitre-la-fondation\/histoire\/\",\"name\":\"Histoire - Sandbox\",\"isPartOf\":{\"@id\":\"https:\/\/sandbox.fondationpierrefabre.org\/fr\/#website\"},\"datePublished\":\"2019-11-25T13:34:15+00:00\",\"dateModified\":\"2019-12-10T16:06:17+00:00\",\"breadcrumb\":{\"@id\":\"https:\/\/sandbox.fondationpierrefabre.org\/fr\/connaitre-la-fondation\/histoire\/#breadcrumb\"},\"inLanguage\":\"fr-FR\",\"potentialAction\":[{\"@type\":\"ReadAction\",\"target\":[\"https:\/\/sandbox.fondationpierrefabre.org\/fr\/connaitre-la-fondation\/histoire\/\"]}]},{\"@type\":\"BreadcrumbList\",\"@id\":\"https:\/\/sandbox.fondationpierrefabre.org\/fr\/connaitre-la-fondation\/histoire\/#breadcrumb\",\"itemListElement\":[{\"@type\":\"ListItem\",\"position\":1,\"name\":\"\",\"item\":\"https:\/\/sandbox.fondationpierrefabre.org\/fr\/\"},{\"@type\":\"ListItem\",\"position\":2,\"name\":\"Conna\u00eetre la fondation\",\"item\":\"https:\/\/sandbox.fondationpierrefabre.org\/fr\/connaitre-la-fondation\/\"},{\"@type\":\"ListItem\",\"position\":3,\"name\":\"Histoire\"}]},{\"@type\":\"WebSite\",\"@id\":\"https:\/\/sandbox.fondationpierrefabre.org\/fr\/#website\",\"url\":\"https:\/\/sandbox.fondationpierrefabre.org\/fr\/\",\"name\":\"Sandbox\",\"description\":\"Acc\u00e8s aux soins de qualit\u00e9 pour tous\",\"potentialAction\":[{\"@type\":\"SearchAction\",\"target\":{\"@type\":\"EntryPoint\",\"urlTemplate\":\"https:\/\/sandbox.fondationpierrefabre.org\/fr\/?s={search_term_string}\"},\"query-input\":{\"@type\":\"PropertyValueSpecification\",\"valueRequired\":true,\"valueName\":\"search_term_string\"}}],\"inLanguage\":\"fr-FR\"}]}<\/script>\n<!-- \/ Yoast SEO plugin. -->","yoast_head_json":{"title":"Histoire - Sandbox","robots":{"index":"noindex","follow":"follow","max-snippet":"max-snippet:-1","max-image-preview":"max-image-preview:large","max-video-preview":"max-video-preview:-1"},"og_locale":"fr_FR","og_type":"article","og_title":"Histoire - Sandbox","og_url":"https:\/\/sandbox.fondationpierrefabre.org\/fr\/connaitre-la-fondation\/histoire\/","og_site_name":"Sandbox","article_publisher":"https:\/\/www.facebook.com\/FondationPierreFabre\/","article_modified_time":"2019-12-10T16:06:17+00:00","og_image":[{"width":240,"height":60,"url":"https:\/\/sandbox.fondationpierrefabre.org\/wp-content\/uploads\/sites\/9\/2018\/04\/fondation-pierre-fabre-logo.png","type":"image\/png"}],"twitter_card":"summary_large_image","twitter_site":"@FondationPFabre","twitter_misc":{"Dur\u00e9e de lecture estim\u00e9e":"8 minutes"},"schema":{"@context":"https:\/\/schema.org","@graph":[{"@type":"WebPage","@id":"https:\/\/sandbox.fondationpierrefabre.org\/fr\/connaitre-la-fondation\/histoire\/","url":"https:\/\/sandbox.fondationpierrefabre.org\/fr\/connaitre-la-fondation\/histoire\/","name":"Histoire - Sandbox","isPartOf":{"@id":"https:\/\/sandbox.fondationpierrefabre.org\/fr\/#website"},"datePublished":"2019-11-25T13:34:15+00:00","dateModified":"2019-12-10T16:06:17+00:00","breadcrumb":{"@id":"https:\/\/sandbox.fondationpierrefabre.org\/fr\/connaitre-la-fondation\/histoire\/#breadcrumb"},"inLanguage":"fr-FR","potentialAction":[{"@type":"ReadAction","target":["https:\/\/sandbox.fondationpierrefabre.org\/fr\/connaitre-la-fondation\/histoire\/"]}]},{"@type":"BreadcrumbList","@id":"https:\/\/sandbox.fondationpierrefabre.org\/fr\/connaitre-la-fondation\/histoire\/#breadcrumb","itemListElement":[{"@type":"ListItem","position":1,"name":"","item":"https:\/\/sandbox.fondationpierrefabre.org\/fr\/"},{"@type":"ListItem","position":2,"name":"Conna\u00eetre la fondation","item":"https:\/\/sandbox.fondationpierrefabre.org\/fr\/connaitre-la-fondation\/"},{"@type":"ListItem","position":3,"name":"Histoire"}]},{"@type":"WebSite","@id":"https:\/\/sandbox.fondationpierrefabre.org\/fr\/#website","url":"https:\/\/sandbox.fondationpierrefabre.org\/fr\/","name":"Sandbox","description":"Acc\u00e8s aux soins de qualit\u00e9 pour tous","potentialAction":[{"@type":"SearchAction","target":{"@type":"EntryPoint","urlTemplate":"https:\/\/sandbox.fondationpierrefabre.org\/fr\/?s={search_term_string}"},"query-input":{"@type":"PropertyValueSpecification","valueRequired":true,"valueName":"search_term_string"}}],"inLanguage":"fr-FR"}]}},"_links":{"self":[{"href":"https:\/\/sandbox.fondationpierrefabre.org\/fr\/wp-json\/wp\/v2\/pages\/7112","targetHints":{"allow":["GET"]}}],"collection":[{"href":"https:\/\/sandbox.fondationpierrefabre.org\/fr\/wp-json\/wp\/v2\/pages"}],"about":[{"href":"https:\/\/sandbox.fondationpierrefabre.org\/fr\/wp-json\/wp\/v2\/types\/page"}],"author":[{"embeddable":true,"href":"https:\/\/sandbox.fondationpierrefabre.org\/fr\/wp-json\/wp\/v2\/users\/2"}],"replies":[{"embeddable":true,"href":"https:\/\/sandbox.fondationpierrefabre.org\/fr\/wp-json\/wp\/v2\/comments?post=7112"}],"version-history":[{"count":0,"href":"https:\/\/sandbox.fondationpierrefabre.org\/fr\/wp-json\/wp\/v2\/pages\/7112\/revisions"}],"up":[{"embeddable":true,"href":"https:\/\/sandbox.fondationpierrefabre.org\/fr\/wp-json\/wp\/v2\/pages\/3051"}],"wp:attachment":[{"href":"https:\/\/sandbox.fondationpierrefabre.org\/fr\/wp-json\/wp\/v2\/media?parent=7112"}],"curies":[{"name":"wp","href":"https:\/\/api.w.org\/{rel}","templated":true}]}}