{"id":589,"date":"2018-07-16T16:55:45","date_gmt":"2018-07-16T14:55:45","guid":{"rendered":"http:\/\/dev.fondationpierrefabre.org\/?page_id=589"},"modified":"2019-03-21T21:19:45","modified_gmt":"2019-03-21T20:19:45","slug":"mentions-legales","status":"publish","type":"page","link":"https:\/\/sandbox.fondationpierrefabre.org\/fr\/mentions-legales\/","title":{"rendered":"Mentions l\u00e9gales"},"content":{"rendered":"<p><div class=\"fusion-fullwidth fullwidth-box fusion-builder-row-1 nonhundred-percent-fullwidth non-hundred-percent-height-scrolling\" style=\"--awb-border-radius-top-left:0px;--awb-border-radius-top-right:0px;--awb-border-radius-bottom-right:0px;--awb-border-radius-bottom-left:0px;--awb-background-color:#f2f2f2;--awb-flex-wrap:wrap;\" ><div class=\"fusion-builder-row fusion-row\"><div class=\"fusion-layout-column fusion_builder_column fusion-builder-column-0 fusion_builder_column_1_1 1_1 fusion-one-full fusion-column-first fusion-column-last\" style=\"--awb-bg-color:#f2f2f2;--awb-bg-color-hover:#f2f2f2;--awb-bg-size:cover;\"><div class=\"fusion-column-wrapper fusion-flex-column-wrapper-legacy\"><div class=\"fusion-text fusion-text-1\"><h1 style=\"text-align: center;\">Mentions l\u00e9gales<\/h1>\n<\/div><div class=\"fusion-clearfix\"><\/div><\/div><\/div><\/div><\/div><div class=\"fusion-fullwidth fullwidth-box fusion-builder-row-2 nonhundred-percent-fullwidth non-hundred-percent-height-scrolling\" style=\"--awb-border-radius-top-left:0px;--awb-border-radius-top-right:0px;--awb-border-radius-bottom-right:0px;--awb-border-radius-bottom-left:0px;--awb-padding-top:20px;--awb-flex-wrap:wrap;\" ><div class=\"fusion-builder-row fusion-row\"><div class=\"fusion-layout-column fusion_builder_column fusion-builder-column-1 fusion_builder_column_1_1 1_1 fusion-one-full fusion-column-first fusion-column-last\" style=\"--awb-bg-size:cover;\"><div class=\"fusion-column-wrapper fusion-flex-column-wrapper-legacy\"><div class=\"fusion-text fusion-text-2\"><p><span style=\"color: #14769e;\"><b>\u00c9diteur<\/b><\/span><\/p>\n<p><strong>Fondation Pierre Fabre<\/strong><\/p>\n<p>Fondation reconnue d\u2019utilit\u00e9 publique par d\u00e9cret du 6 avril 1999 publi\u00e9 au Journal officiel du 8 avril 1999, dont le si\u00e8ge est situ\u00e9<\/p>\n<p>15 rue Th\u00e9ron P\u00e9ri\u00e9<br \/>\n81100 Castres<br \/>\nFrance<\/p>\n<p>T\u00e9l\u00e9phone : 05 63 83 12 90<br \/>\nFax : 05 63 83 13 90<br \/>\nCourriel :\u00a0<a href=\"mailto:contact@fondationpierrefabre.org\">contact@fondationpierrefabre.org<\/a><\/p>\n<p><span style=\"color: #14769e;\"><strong>Responsable de la publication<\/strong><\/span><\/p>\n<p>B\u00e9atrice Garrette, Directrice G\u00e9n\u00e9rale<\/p>\n<p><span style=\"color: #14769e;\"><strong>H\u00e9bergeur<\/strong><\/span><\/p>\n<p>OVH<br \/>\n2 rue Kellerman<br \/>\n59100 Roubaix<br \/>\nFrance<\/p>\n<p>T\u00e9l\u00e9phone : 09 72 10 10 07<br \/>\nFax : 03 20 20 09 58<br \/>\nCourriel :\u00a0<a href=\"mailto:support@ovh.com\">support@ovh.com<\/a><\/p>\n<p><span style=\"color: #14769e;\"><strong>Conditions g\u00e9n\u00e9rales d&rsquo;utilisation<\/strong><\/span><\/p>\n<p>Le site internet \u00ab\u00a0<a href=\"http:\/\/sandbox.fondationpierrefabre.org\">http:\/\/sandbox.fondationpierrefabre.org<\/a>\u00a0\u00bb est la propri\u00e9t\u00e9 de la Fondation Pierre Fabre.<\/p>\n<p>Les pr\u00e9sentes \u00ab\u00a0Conditions g\u00e9n\u00e9rales d\u2019utilisation\u00a0\u00bb d\u00e9terminent les conditions d\u2019acc\u00e8s et d&rsquo;utilisation du site internet de la Fondation Pierre Fabre.<\/p>\n<p>Toute connexion au site est subordonn\u00e9e au respect de ces Conditions g\u00e9n\u00e9rales d&rsquo;utilisation, et en faisant usage du site l&rsquo;internaute reconnait les avoir lues et accept\u00e9es. S\u2019agissant des internautes mineurs, leurs parents ou tuteurs sont r\u00e9put\u00e9s avoir accept\u00e9s pour leur compte les pr\u00e9sentes conditions g\u00e9n\u00e9rales d\u2019utilisation.<\/p>\n<p>Les pr\u00e9sentes conditions peuvent \u00eatre modifi\u00e9es \u00e0 tout moment et sans pr\u00e9avis.<\/p>\n<p><span style=\"color: #14769e;\"><strong>Objet du site<\/strong><\/span><\/p>\n<p>Ce site internet a \u00e9t\u00e9 cr\u00e9\u00e9 pour fournir aux internautes des informations sur la Fondation Pierre Fabre, son organisation, ses programmes, son action et ses communications. Le site ne saurait constituer une offre contractuelle.<\/p>\n<p><span style=\"color: #14769e;\"><strong>Responsabilit\u00e9<\/strong><\/span><\/p>\n<p>Le contenu du site est conforme aux dispositions l\u00e9gales en vigueur et la fondation s\u2019interdit de diffuser des informations \u00e0 caract\u00e8re violent, pornographique ou diffamatoire et\/ou des contenus illicites, notamment \u00e0 caract\u00e8re raciste, x\u00e9nophobe, p\u00e9dophile ou autrement attentatoire aux droits des tiers et\/ou \u00e0 la dignit\u00e9 humaine.<\/p>\n<p>En revanche, la fondation ne garantit pas l&rsquo;exactitude, la mise \u00e0 jour et l&rsquo;exhaustivit\u00e9 des informations contenues sur le site. Les internautes sont donc inform\u00e9s qu&rsquo;en raison du nombre important d&rsquo;informations trait\u00e9es, il peut se trouver certaines inexactitudes, omissions ou des erreurs typographiques. La fondation s&rsquo;engage \u00e0 rectifier ces erreurs dans les meilleurs d\u00e9lais d\u00e8s lors qu&rsquo;elle en aura connaissance ou qu&rsquo;elles lui seront signal\u00e9es. En tout \u00e9tat de cause, la consultation du site ne dispense pas l&rsquo;internaute de v\u00e9rifier les informations qui y sont diffus\u00e9es.<\/p>\n<p>La responsabilit\u00e9 de la fondation ne peut en aucune mani\u00e8re \u00eatre engag\u00e9e pour les cons\u00e9quences pouvant r\u00e9sulter de la consultation ou de l\u2019interpr\u00e9tation des informations diffus\u00e9es sur son site internet.<\/p>\n<p>Plus particuli\u00e8rement, la Fondation Pierre Fabre ne pourra \u00eatre tenue pour responsable\u00a0:<\/p>\n<ul>\n<li>des dommages pouvant r\u00e9sulter directement ou indirectement de la consultation du site ou de l&rsquo;utilisation des informations qui y sont diffus\u00e9es, et notamment de toute perte d&rsquo;exploitation financi\u00e8re ou commerciale ou perte de programmes ou de donn\u00e9es dans tout syst\u00e8me d&rsquo;information et ce m\u00eame lorsque la fondation aura \u00e9t\u00e9 inform\u00e9e de l&rsquo;\u00e9ventualit\u00e9 de tels dommages\u00a0;<\/li>\n<li>des dommages pouvant r\u00e9sulter de la consultation d&rsquo;autres sites internet \u00e0 partir de liens hypertextes indiqu\u00e9s sur le site de la fondation. L\u2019internaute est seul responsable de sa navigation sur internet, y compris lorsqu\u2019il utilise des liens mentionn\u00e9s sur le site internet de la f\u00e9d\u00e9ration, ces liens n\u2019\u00e9tant fournis qu&rsquo;\u00e0 titre indicatif. En outre, la fondation ne donne aucune caution aux informations diffus\u00e9es sur lesdits sites et n&rsquo;assumera aucune responsabilit\u00e9 relativement \u00e0 leur contenu\u00a0;<\/li>\n<li>des liens hypertextes qui peuvent diriger sur son site internet. Toute cr\u00e9ation par un tiers de liens hypertextes en direction du site de la fondation, ou de l\u2019une de ses pages, n\u00e9cessite son accord pr\u00e9alable. La fondation se r\u00e9serve le droit d\u2019exiger la suppression d\u2019un tel lien.<\/li>\n<\/ul>\n<p>Par ailleurs, la responsabilit\u00e9 de la fondation ne saurait \u00eatre engag\u00e9e en cas d&rsquo;impossibilit\u00e9 d&rsquo;acc\u00e8s au site internet.<\/p>\n<p>La fondation se r\u00e9serve \u00e9galement le droit de modifier, d&rsquo;interrompre temporairement ou de fa\u00e7on permanente, tout ou partie du site, lorsqu\u2019elle le souhaite et sans pr\u00e9avis ni indemnit\u00e9 quelconque. En aucun cas la fondation ne pourra \u00eatre tenue pour responsable de toute modification, interruption ou suspension du site.<\/p>\n<p><span style=\"color: #14769e;\"><strong>Droits de propri\u00e9t\u00e9 intellectuelle<\/strong><\/span><\/p>\n<p>Toutes les images et tous les textes disponibles sur le site internet sont la propri\u00e9t\u00e9 exclusive de la Fondation Pierre Fabre.<\/p>\n<p>Il est possible de t\u00e9l\u00e9charger et\/ou d\u2019imprimer les contenus disponibles sur le site pour un usage exclusivement priv\u00e9, \u00e0 des fins non commerciales, sans modifier toute mention relative aux droits de propri\u00e9t\u00e9 intellectuelle et en veillant \u00e0 reproduire la mention suivante sur chaque copie qui sera faite : \u00ab\u00a0Ce document provient du site internet de la \u00ab\u00a0Fondation Pierre Fabre\u00a0\u00bb (<a href=\"http:\/\/sandbox.fondationpierrefabre.org\">http:\/\/sandbox.fondationpierrefabre.org<\/a>). Tous les droits de reproduction sont r\u00e9serv\u00e9s\u00a0\u00bb.<\/p>\n<p>Toute autre utilisation autre que celle mentionn\u00e9e ci-dessus est interdite, sauf autorisation pr\u00e9alable et \u00e9crite de la fondation.<\/p>\n<p><strong><span style=\"color: #14769e;\">Protection des donn\u00e9es nominatives<\/span><\/strong><\/p>\n<p>Aucune donn\u00e9e personnelle n&rsquo;est collect\u00e9e \u00e0 l\u2019insu de l\u2019internaute sur le site internet de la fondation Pierre Fabre.<\/p>\n<p>La fondation est amen\u00e9e \u00e0 collecter certaines informations telles que les recherches effectu\u00e9es par les internautes dans le cadre de leur navigation sur le site internet, mais ces informations qui sont utilis\u00e9es \u00e0 des fins statistiques demeurent anonymes.<\/p>\n<p>En revanche, lorsqu\u2019ils souhaitent communiquer avec les services de la fondation, les internautes peuvent remplir le \u00ab\u00a0formulaire de contact\u00a0\u00bb en renseignant certaines donn\u00e9es personnelles les concernant.<\/p>\n<p>L\u2019utilisation de ces donn\u00e9es \u00e0 caract\u00e8re personnel est soumise aux dispositions de la loi n\u00b0 78-17 du 6 janvier 1978, modifi\u00e9e par la loi n\u00b0 2004-801 du 6 ao\u00fbt 2004 relative \u00e0 l&rsquo;informatique, aux fichiers et aux libert\u00e9s.<\/p>\n<p>Ainsi, les personnes dont les donn\u00e9es personnelles ont \u00e9t\u00e9 collect\u00e9es ou trait\u00e9es via le site internet de la fondation disposent d\u2019un droit d\u2019acc\u00e8s, de modification, de rectification et de suppression, qui peut \u00eatre mis en \u0153uvre en s\u2019adressant au si\u00e8ge administratif de la Fondation Pierre Fabre par courrier ou par courriel (aux adresses suivantes, par courrier\u00a0: Domaine d\u2019En Doyse, Route de Saint Sulpice, 81500 Lavaur ou par courriel\u00a0:\u00a0<a href=\"mailto:contact@fondationpierrefabre.org\">contact@fondationpierrefabre.org<\/a>).<\/p>\n<p>Ces donn\u00e9es ne seront conserv\u00e9es et utilis\u00e9es qu\u2019aux seules fins de communication avec l\u2019internaute et elles ne pourront \u00eatre transmises \u00e0 des tiers sans l\u2019autorisation pr\u00e9alable de l\u2019internaute. Quant aux courriers \u00e9lectroniques adress\u00e9s \u00e0 la fondation, ils seront conserv\u00e9s sur support informatique pendant le temps de l\u2019utilisation des donn\u00e9es personnelles de l\u2019internaute.<\/p>\n<p><strong><span style=\"color: #14769e;\">Cookies<\/span><\/strong><\/p>\n<p>Des cookies persistants sont utilis\u00e9s dans un but uniquement statistique. Aucun autre cookie persistant n&rsquo;est plac\u00e9 par le site internaute dans le navigateur. Un cookie de session valable uniquement pendant la dur\u00e9e de la consultation du site est \u00e9galement utilis\u00e9.<\/p>\n<p>Pour les personnes qui ne souhaiteraient pas le stockage des informations par le logiciel de statistiques que le site utilise (Google Analytics), il est possible de\u00a0<a href=\"https:\/\/tools.google.com\/dlpage\/gaoptout?hl=fr\">t\u00e9l\u00e9charger un module compl\u00e9mentaire de navigateur<\/a>\u00a0pour la d\u00e9sactivation de Google Analytics.<\/p>\n<p><strong><span style=\"color: #14769e;\">Droit applicable &amp; Tribunaux comp\u00e9tents<\/span><\/strong><\/p>\n<p>Les pr\u00e9sentes conditions g\u00e9n\u00e9rales sont soumises au droit fran\u00e7ais.<\/p>\n<p>A d\u00e9faut de r\u00e8glement amiable, les tribunaux fran\u00e7ais auront comp\u00e9tence pour trancher tout litige li\u00e9 \u00e0 l\u2019interpr\u00e9tation ou l\u2019ex\u00e9cution des pr\u00e9sentes.<\/p>\n<\/div><div class=\"fusion-clearfix\"><\/div><\/div><\/div><\/div><\/div><\/p>\n","protected":false},"excerpt":{"rendered":"","protected":false},"author":2,"featured_media":0,"parent":0,"menu_order":0,"comment_status":"closed","ping_status":"closed","template":"100-width.php","meta":{"_acf_changed":false,"footnotes":""},"class_list":["post-589","page","type-page","status-publish","hentry"],"acf":[],"yoast_head":"<!-- This site is optimized with the Yoast SEO plugin v27.2 - https:\/\/yoast.com\/product\/yoast-seo-wordpress\/ -->\n<title>Mentions l\u00e9gales - Sandbox<\/title>\n<meta name=\"description\" content=\"Mentions l\u00e9gales\" \/>\n<meta name=\"robots\" content=\"noindex, follow, max-snippet:-1, max-image-preview:large, max-video-preview:-1\" \/>\n<meta property=\"og:locale\" content=\"fr_FR\" \/>\n<meta property=\"og:type\" content=\"article\" \/>\n<meta property=\"og:title\" content=\"Mentions l\u00e9gales - Sandbox\" \/>\n<meta property=\"og:description\" content=\"Mentions l\u00e9gales\" \/>\n<meta property=\"og:url\" content=\"https:\/\/sandbox.fondationpierrefabre.org\/fr\/mentions-legales\/\" \/>\n<meta property=\"og:site_name\" content=\"Sandbox\" \/>\n<meta property=\"article:publisher\" content=\"https:\/\/www.facebook.com\/FondationPierreFabre\/\" \/>\n<meta property=\"article:modified_time\" content=\"2019-03-21T20:19:45+00:00\" \/>\n<meta property=\"og:image\" content=\"https:\/\/sandbox.fondationpierrefabre.org\/wp-content\/uploads\/sites\/9\/2018\/04\/fondation-pierre-fabre-logo.png\" \/>\n\t<meta property=\"og:image:width\" content=\"240\" \/>\n\t<meta property=\"og:image:height\" content=\"60\" \/>\n\t<meta property=\"og:image:type\" content=\"image\/png\" \/>\n<meta name=\"twitter:card\" content=\"summary_large_image\" \/>\n<meta name=\"twitter:site\" content=\"@FondationPFabre\" \/>\n<meta name=\"twitter:label1\" content=\"Dur\u00e9e de lecture estim\u00e9e\" \/>\n\t<meta name=\"twitter:data1\" content=\"8 minutes\" \/>\n<script type=\"application\/ld+json\" class=\"yoast-schema-graph\">{\"@context\":\"https:\/\/schema.org\",\"@graph\":[{\"@type\":\"WebPage\",\"@id\":\"https:\/\/sandbox.fondationpierrefabre.org\/fr\/mentions-legales\/\",\"url\":\"https:\/\/sandbox.fondationpierrefabre.org\/fr\/mentions-legales\/\",\"name\":\"Mentions l\u00e9gales - Sandbox\",\"isPartOf\":{\"@id\":\"https:\/\/sandbox.fondationpierrefabre.org\/fr\/#website\"},\"datePublished\":\"2018-07-16T14:55:45+00:00\",\"dateModified\":\"2019-03-21T20:19:45+00:00\",\"description\":\"Mentions l\u00e9gales\",\"breadcrumb\":{\"@id\":\"https:\/\/sandbox.fondationpierrefabre.org\/fr\/mentions-legales\/#breadcrumb\"},\"inLanguage\":\"fr-FR\",\"potentialAction\":[{\"@type\":\"ReadAction\",\"target\":[\"https:\/\/sandbox.fondationpierrefabre.org\/fr\/mentions-legales\/\"]}]},{\"@type\":\"BreadcrumbList\",\"@id\":\"https:\/\/sandbox.fondationpierrefabre.org\/fr\/mentions-legales\/#breadcrumb\",\"itemListElement\":[{\"@type\":\"ListItem\",\"position\":1,\"name\":\"\",\"item\":\"https:\/\/sandbox.fondationpierrefabre.org\/fr\/\"},{\"@type\":\"ListItem\",\"position\":2,\"name\":\"Mentions l\u00e9gales\"}]},{\"@type\":\"WebSite\",\"@id\":\"https:\/\/sandbox.fondationpierrefabre.org\/fr\/#website\",\"url\":\"https:\/\/sandbox.fondationpierrefabre.org\/fr\/\",\"name\":\"Sandbox\",\"description\":\"Acc\u00e8s aux soins de qualit\u00e9 pour tous\",\"potentialAction\":[{\"@type\":\"SearchAction\",\"target\":{\"@type\":\"EntryPoint\",\"urlTemplate\":\"https:\/\/sandbox.fondationpierrefabre.org\/fr\/?s={search_term_string}\"},\"query-input\":{\"@type\":\"PropertyValueSpecification\",\"valueRequired\":true,\"valueName\":\"search_term_string\"}}],\"inLanguage\":\"fr-FR\"}]}<\/script>\n<!-- \/ Yoast SEO plugin. -->","yoast_head_json":{"title":"Mentions l\u00e9gales - Sandbox","description":"Mentions l\u00e9gales","robots":{"index":"noindex","follow":"follow","max-snippet":"max-snippet:-1","max-image-preview":"max-image-preview:large","max-video-preview":"max-video-preview:-1"},"og_locale":"fr_FR","og_type":"article","og_title":"Mentions l\u00e9gales - Sandbox","og_description":"Mentions l\u00e9gales","og_url":"https:\/\/sandbox.fondationpierrefabre.org\/fr\/mentions-legales\/","og_site_name":"Sandbox","article_publisher":"https:\/\/www.facebook.com\/FondationPierreFabre\/","article_modified_time":"2019-03-21T20:19:45+00:00","og_image":[{"width":240,"height":60,"url":"https:\/\/sandbox.fondationpierrefabre.org\/wp-content\/uploads\/sites\/9\/2018\/04\/fondation-pierre-fabre-logo.png","type":"image\/png"}],"twitter_card":"summary_large_image","twitter_site":"@FondationPFabre","twitter_misc":{"Dur\u00e9e de lecture estim\u00e9e":"8 minutes"},"schema":{"@context":"https:\/\/schema.org","@graph":[{"@type":"WebPage","@id":"https:\/\/sandbox.fondationpierrefabre.org\/fr\/mentions-legales\/","url":"https:\/\/sandbox.fondationpierrefabre.org\/fr\/mentions-legales\/","name":"Mentions l\u00e9gales - Sandbox","isPartOf":{"@id":"https:\/\/sandbox.fondationpierrefabre.org\/fr\/#website"},"datePublished":"2018-07-16T14:55:45+00:00","dateModified":"2019-03-21T20:19:45+00:00","description":"Mentions l\u00e9gales","breadcrumb":{"@id":"https:\/\/sandbox.fondationpierrefabre.org\/fr\/mentions-legales\/#breadcrumb"},"inLanguage":"fr-FR","potentialAction":[{"@type":"ReadAction","target":["https:\/\/sandbox.fondationpierrefabre.org\/fr\/mentions-legales\/"]}]},{"@type":"BreadcrumbList","@id":"https:\/\/sandbox.fondationpierrefabre.org\/fr\/mentions-legales\/#breadcrumb","itemListElement":[{"@type":"ListItem","position":1,"name":"","item":"https:\/\/sandbox.fondationpierrefabre.org\/fr\/"},{"@type":"ListItem","position":2,"name":"Mentions l\u00e9gales"}]},{"@type":"WebSite","@id":"https:\/\/sandbox.fondationpierrefabre.org\/fr\/#website","url":"https:\/\/sandbox.fondationpierrefabre.org\/fr\/","name":"Sandbox","description":"Acc\u00e8s aux soins de qualit\u00e9 pour tous","potentialAction":[{"@type":"SearchAction","target":{"@type":"EntryPoint","urlTemplate":"https:\/\/sandbox.fondationpierrefabre.org\/fr\/?s={search_term_string}"},"query-input":{"@type":"PropertyValueSpecification","valueRequired":true,"valueName":"search_term_string"}}],"inLanguage":"fr-FR"}]}},"_links":{"self":[{"href":"https:\/\/sandbox.fondationpierrefabre.org\/fr\/wp-json\/wp\/v2\/pages\/589","targetHints":{"allow":["GET"]}}],"collection":[{"href":"https:\/\/sandbox.fondationpierrefabre.org\/fr\/wp-json\/wp\/v2\/pages"}],"about":[{"href":"https:\/\/sandbox.fondationpierrefabre.org\/fr\/wp-json\/wp\/v2\/types\/page"}],"author":[{"embeddable":true,"href":"https:\/\/sandbox.fondationpierrefabre.org\/fr\/wp-json\/wp\/v2\/users\/2"}],"replies":[{"embeddable":true,"href":"https:\/\/sandbox.fondationpierrefabre.org\/fr\/wp-json\/wp\/v2\/comments?post=589"}],"version-history":[{"count":0,"href":"https:\/\/sandbox.fondationpierrefabre.org\/fr\/wp-json\/wp\/v2\/pages\/589\/revisions"}],"wp:attachment":[{"href":"https:\/\/sandbox.fondationpierrefabre.org\/fr\/wp-json\/wp\/v2\/media?parent=589"}],"curies":[{"name":"wp","href":"https:\/\/api.w.org\/{rel}","templated":true}]}}