{"id":3272,"date":"2018-10-02T10:21:19","date_gmt":"2018-10-02T08:21:19","guid":{"rendered":"http:\/\/dev.fondationpierrefabre.org\/?page_id=3272"},"modified":"2019-04-11T14:46:26","modified_gmt":"2019-04-11T12:46:26","slug":"plan-du-site","status":"publish","type":"page","link":"https:\/\/sandbox.fondationpierrefabre.org\/fr\/plan-du-site\/","title":{"rendered":"Plan du site"},"content":{"rendered":"<p><div class=\"fusion-fullwidth fullwidth-box fusion-builder-row-1 nonhundred-percent-fullwidth non-hundred-percent-height-scrolling\" style=\"--awb-border-radius-top-left:0px;--awb-border-radius-top-right:0px;--awb-border-radius-bottom-right:0px;--awb-border-radius-bottom-left:0px;--awb-background-color:#f2f2f2;--awb-flex-wrap:wrap;\" ><div class=\"fusion-builder-row fusion-row\"><div class=\"fusion-layout-column fusion_builder_column fusion-builder-column-0 fusion_builder_column_1_1 1_1 fusion-one-full fusion-column-first fusion-column-last\" style=\"--awb-bg-color:#f2f2f2;--awb-bg-color-hover:#f2f2f2;--awb-bg-size:cover;\"><div class=\"fusion-column-wrapper fusion-flex-column-wrapper-legacy\"><div class=\"fusion-text fusion-text-1\"><h1 style=\"text-align: center;\">Plan du site<\/h1>\n<\/div><div class=\"fusion-clearfix\"><\/div><\/div><\/div><\/div><\/div><div class=\"fusion-fullwidth fullwidth-box fusion-builder-row-2 fusion-parallax-none nonhundred-percent-fullwidth non-hundred-percent-height-scrolling lazyload\" style=\"--awb-border-radius-top-left:0px;--awb-border-radius-top-right:0px;--awb-border-radius-bottom-right:0px;--awb-border-radius-bottom-left:0px;--awb-background-size:cover;--awb-flex-wrap:wrap;\" data-bg=\"http:\/\/sandbox.fondationpierrefabre.org\/wp-content\/uploads\/sites\/2\/2018\/10\/01-fabre-photos-home-haut01-1024x505.jpg\" ><div class=\"fusion-builder-row fusion-row\"><div class=\"fusion-layout-column fusion_builder_column fusion-builder-column-1 fusion_builder_column_1_1 1_1 fusion-one-full fusion-column-first fusion-column-last\" style=\"--awb-bg-size:cover;--awb-margin-top:305px;--awb-margin-bottom:305px;\"><div class=\"fusion-column-wrapper fusion-flex-column-wrapper-legacy\"><div class=\"fusion-clearfix\"><\/div><\/div><\/div><\/div><\/div><div class=\"fusion-fullwidth fullwidth-box fusion-builder-row-3 nonhundred-percent-fullwidth non-hundred-percent-height-scrolling\" style=\"--awb-border-radius-top-left:0px;--awb-border-radius-top-right:0px;--awb-border-radius-bottom-right:0px;--awb-border-radius-bottom-left:0px;--awb-background-color:#f2f2f2;--awb-flex-wrap:wrap;\" ><div class=\"fusion-builder-row fusion-row\"><div class=\"fusion-layout-column fusion_builder_column fusion-builder-column-2 fusion_builder_column_1_1 1_1 fusion-one-full fusion-column-first fusion-column-last\" style=\"--awb-bg-size:cover;\"><div class=\"fusion-column-wrapper fusion-flex-column-wrapper-legacy\"><div class=\"fusion-sep-clear\"><\/div><div class=\"fusion-separator fusion-full-width-sep\" style=\"margin-left: auto;margin-right: auto;margin-top:20px;margin-bottom:20px;width:100%;\"><\/div><div class=\"fusion-sep-clear\"><\/div><div class=\"fusion-text fusion-text-2\"><h2>CONNA\u00ceTRE LA FONDATION<\/h2>\n<h3 style=\"padding-left: 30px;\"><strong><a href=\"\/fr\/connaitre-la-fondation\/adn\"><span style=\"color: #14769e;\">ADN<\/span><\/a><\/strong><\/h3>\n<h3 style=\"padding-left: 30px;\"><strong><a href=\"\/fr\/connaitre-la-fondation\/organisation\"><span style=\"color: #14769e;\">Organisation<\/span><\/a><\/strong><\/h3>\n<h3 style=\"padding-left: 30px;\"><strong><a href=\"\/fr\/connaitre-la-fondation\/cartographie\"><span style=\"color: #14769e;\">Cartographie<\/span><\/a><\/strong><\/h3>\n<h2>D\u00c9COUVRIR NOS PROGRAMMES<\/h2>\n<h3 style=\"padding-left: 30px;\"><strong><span style=\"font-size: 14pt;\"><a href=\"\/fr\/decouvrir-nos-programmes\/formation-des-professionnels-du-medicament\"><span style=\"color: #14769e;\">Formation des professionnels du m\u00e9dicament<\/span><\/a><\/span><\/strong><\/h3>\n<p style=\"padding-left: 30px;\"><strong>Programmes en cours<\/strong><\/p>\n<ul>\n<li><a href=\"\/fr\/decouvrir-nos-programmes\/formation-des-professionnels-du-medicament\/soutien-ecole-sage-femmes-laos\">Soutien \u00e0 l\u2019Ecole Nationale de Sages-Femmes (Laos)<\/a><\/li>\n<li><a href=\"\/fr\/decouvrir-nos-programmes\/formation-des-professionnels-du-medicament\/creation-du-master-mekong-pharma\">Formation post-gradu\u00e9e des pharmaciens &#8211; Master Mekong Pharma (Asie du Sud-Est)<\/a><\/li>\n<li><a href=\"\/fr\/decouvrir-nos-programmes\/formation-des-professionnels-du-medicament\/rehabilitation-de-la-faculte-de-vientiane\">Soutien \u00e0 la facult\u00e9 de pharmacie de Vientiane\u00a0(Laos)<\/a><\/li>\n<li><a href=\"\/fr\/decouvrir-nos-programmes\/formation-des-professionnels-du-medicament\/creation-dun-enseignement-pharmaceutique-universite-dantananarivo\/\">Soutien de l\u2019enseignement pharmaceutique \u00e0 l\u2019universit\u00e9 d\u2019Antananarivo (Madagascar)<\/a><\/li>\n<li><a href=\"\/fr\/decouvrir-nos-programmes\/formation-des-professionnels-du-medicament\/soutien-la-filiere-pharmaceutique-de-luniversite-de-lome\">Soutien \u00e0 la fili\u00e8re pharmaceutique de l\u2019Universit\u00e9 de Lom\u00e9 (Togo)<\/a><\/li>\n<\/ul>\n<p style=\"padding-left: 30px;\"><strong>Programmes pr\u00e9c\u00e9dents<\/strong><\/p>\n<ul>\n<li><a href=\"\/fr\/decouvrir-nos-programmes\/formation-des-professionnels-du-medicament\/renouveau-de-la-faculte-de-phnom-penh\">Renouveau de la facult\u00e9 de Phnom Penh (Cambodge)<\/a><\/li>\n<li><a href=\"\/fr\/decouvrir-nos-programmes\/formation-des-professionnels-du-medicament\/renovation-du-circuit-du-medicament-et-campagnes-de-sensibilisation\/\">R\u00e9novation du circuit du m\u00e9dicament et campagnes de sensibilisation (B\u00e9nin)<\/a><\/li>\n<li><a href=\"\/fr\/decouvrir-nos-programmes\/formation-des-professionnels-du-medicament\/rehabilitation-du-LNCQM\">R\u00e9habilitation du LNCQM (Guin\u00e9e-Conakry)<\/a><\/li>\n<\/ul>\n<h3 style=\"padding-left: 30px;\"><strong><span style=\"font-size: 14pt;\"><a href=\"\/fr\/decouvrir-nos-programmes\/lutte-contre-la-drepanocytose\"><span style=\"color: #14769e;\">Lutte contre la dr\u00e9panocytose<\/span><\/a><\/span><\/strong><\/h3>\n<p style=\"padding-left: 30px;\"><strong>Programmes en cours<\/strong><\/p>\n<ul>\n<li><a href=\"\/fr\/decouvrir-nos-programmes\/prevention-diagnostique-et-prise-en-charge-de-la-drepanocytose\">Pr\u00e9vention, diagnostic et prise en charge de la dr\u00e9panocytose (Burkina Faso)<\/a><\/li>\n<li><a href=\"\/fr\/decouvrir-nos-programmes\/lutte-contre-la-drepanocytose\/creation-du-centre-de-recherche-et-de-lutte-contre-la-drepanoctyose\">\u200bCr\u00e9ation et soutien au d\u00e9veloppement du Centre de recherche et de lutte contre la dr\u00e9panocytose (Mali)<\/a><\/li>\n<li><a href=\"\/fr\/decouvrir-nos-programmes\/lutte-contre-la-drepanocytose\/etude-operationnelle-sur-le-depistage-et-la-prise-en-charge-precoces-de-la-drepanoctyose\">\u200bEtude op\u00e9rationnelle sur le d\u00e9pistage et la prise en charge pr\u00e9coces de la dr\u00e9panocytose (S\u00e9n\u00e9gal)<\/a><\/li>\n<li><a href=\"\/fr\/decouvrir-nos-programmes\/lutte-contre-la-drepanocytose\/etude-de-faisabilite-dun-programme-de-prise-en-charge-de-la-drepanoctyose\">Etude de faisabilit\u00e9 d\u2019un programme de prise en charge de la dr\u00e9panocytose (Ha\u00efti)<\/a><\/li>\n<li><a href=\"\/fr\/decouvrir-nos-programmes\/lutte-contre-la-drepanocytose\/amelioration-de-la-prise-en-charge-socio-sanitaire-des-drepanocytaires\">Am\u00e9lioration de la prise en charge socio-sanitaire des dr\u00e9panocytaires (Afrique centrale et Madagascar)<\/a><\/li>\n<\/ul>\n<p style=\"padding-left: 30px;\"><strong>Programmes pr\u00e9c\u00e9dents<\/strong><\/p>\n<ul>\n<li><a href=\"\/fr\/decouvrir-nos-programmes\/lutte-contre-la-drepanocytose\/soutien-de-lunite-de-prise-en-charge-de-la-drepanocytose-du-centre-hospitalier-monkole\">Soutien de l&rsquo;unit\u00e9 de prise en charge de la dr\u00e9pnacytose du centre hospitalier Monkole (RDC)<\/a><\/li>\n<li><a href=\"\/fr\/decouvrir-nos-programmes\/lutte-contre-la-drepanocytose\/soutien-dun-programme-de-lutte-contre-la-drepanocytose\">Soutien d&rsquo;un programme de lutte contre la dr\u00e9panocytose (Madagascar)<\/a><\/li>\n<li><a href=\"\/fr\/decouvrir-nos-programmes\/lutte-contre-la-drepanocytose\/renforcement-de-la-prise-en-charge-de-la-drepanocytose-a-bangui\">Renforcement de la prise en charge de la dr\u00e9panocytose \u00e0 Bangui (RCA)<\/a><\/li>\n<\/ul>\n<h3 style=\"padding-left: 30px;\"><strong><span style=\"font-size: 14pt;\"><a href=\"\/fr\/decouvrir-nos-programmes\/acces-aux-soins-de-qualite\"><span style=\"color: #14769e;\">Acc\u00e8s aux soins de qualit\u00e9<\/span><\/a><\/span><\/strong><\/h3>\n<p style=\"padding-left: 30px;\"><strong>Programmes en cours<\/strong><\/p>\n<ul>\n<li><a href=\"\/fr\/decouvrir-nos-programmes\/acces-aux-soins-de-qualite\/soutien-dr-mukwege\/\"> Prise en charge m\u00e9dicale des femmes victimes de violences sexuelles (R\u00e9publique D\u00e9mocratique du Congo)<\/a><\/li>\n<li><a href=\"\/fr\/decouvrir-nos-programmes\/acces-aux-soins-de-qualite\/mise-en-place-dune-unite-medicale-mobile-a-la-frontiere-libano-syrienne\/\">Mise en place d\u2019une unit\u00e9 m\u00e9dicale mobile \u00e0 la fronti\u00e8re libano-syrienne (Liban)<\/a><\/li>\n<li><a href=\"\/fr\/decouvrir-nos-programmes\/acces-aux-soins-de-qualite\/etude-dimpact-du-suivi-telephonique-dans-la-prise-en-charge-onco-hematologique\/\">Etude d\u2019impact du suivi t\u00e9l\u00e9phonique dans la prise en charge onco-h\u00e9matologique (C\u00f4te d&rsquo;Ivoire)<\/a><\/li>\n<li><a href=\"\/fr\/decouvrir-nos-programmes\/acces-aux-soins-de-qualite\/soutien-au-centre-medico-social-de-khaldieh\">Soutien au centre m\u00e9dico-social de Khaldieh (Liban)<\/a><\/li>\n<\/ul>\n<p style=\"padding-left: 30px;\"><strong>Programmes pr\u00e9c\u00e9dents<\/strong><\/p>\n<ul>\n<li><a href=\"\/fr\/decouvrir-nos-programmes\/acces-aux-soins-de-qualite\/soutien-la-creation-et-au-developpement-dun-hopital-de-brousse\/\">Soutien \u00e0 la Maison m\u00e9dicale de Wassadou (S\u00e9n\u00e9gal)<\/a><\/li>\n<\/ul>\n<h3 style=\"padding-left: 30px;\"><a href=\"\/fr\/decouvrir-nos-programmes\/e-sante\/\"><strong><span style=\"font-size: 14pt;\"><span style=\"color: #14769e;\">eSant\u00e9<\/span><\/span><\/strong><\/a><\/h3>\n<p style=\"padding-left: 30px;\"><strong>Programmes en cours<\/strong><\/p>\n<ul>\n<li><a href=\"\/fr\/decouvrir-nos-programmes\/e-sante\/observatoire-de-la-e-sante-dans-les-pays-du-sud\/\">Observatoire de la E-Sant\u00e9 dans les pays du Sud (Multipays)<\/a><\/li>\n<li><a href=\"\/fr\/decouvrir-nos-programmes\/e-sante\/echopen-lancement-du-premier-prototype-dechostethoscope-open-source-low-cost\/\">D\u00e9veloppement d\u2019un \u00e9cho-st\u00e9thoscope Open Source low cost (Multipays)<\/a><\/li>\n<\/ul>\n<h3 style=\"padding-left: 30px;\"><strong><span style=\"font-size: 14pt;\"><a href=\"\/fr\/decouvrir-nos-programmes\/dermatologie-en-milieu-tropical\"><span style=\"color: #14769e;\">Dermatologie en milieu tropical<\/span><\/a><\/span><\/strong><\/h3>\n<p style=\"padding-left: 30px;\"><strong>Programmes en cours<\/strong><\/p>\n<ul>\n<li><a href=\"\/fr\/decouvrir-nos-programmes\/dermatologie-en-milieu-tropical\/prevention-cancers-peau-albinisme\">Pr\u00e9vention des cancers de la peau d\u00fbs \u00e0 l\u2019albinisme (Mali)<\/a><\/li>\n<li><a href=\"\/fr\/decouvrir-nos-programmes\/dermatologie-tropicale\/prevention-cancers-albinisme\">Pr\u00e9vention et prise en charge pr\u00e9coce des cancers de la peau chez les personnes atteintes d\u2019albinisme (Tanzani)<\/a><\/li>\n<li><a href=\"\/fr\/decouvrir-nos-programmes\/dermatologie-tropicale\/evaluation-de-la-tele-dermatologie\">Mise en place d&rsquo;un service de t\u00e9l\u00e9dermatologie (Mali)<\/a><\/li>\n<\/ul>\n<p style=\"padding-left: 30px;\"><strong>Programmes pr\u00e9c\u00e9dents<\/strong><\/p>\n<ul>\n<li><a href=\"\/fr\/decouvrir-nos-programmes\/dermatologie-en-milieu-tropical\/prevention-du-noma\">Pr\u00e9vention du noma (Burkina Faso)<\/a><\/li>\n<\/ul>\n<h2><a href=\"\/fr\/suivre-notre-action\">SUIVRE NOTRE ACTION<\/a><\/h2>\n<h3 style=\"padding-left: 30px;\"><a href=\"\/fr\/suivre-notre-action\"><span style=\"color: #14769e;\">Par axes d&rsquo;intervention ou par pays concern\u00e9s<\/span><\/a><\/h3>\n<h2><a href=\"\/fr\/presse\">PRESSE<\/a><\/h2>\n<h2><a href=\"\/fr\/publications\">PUBLICATIONS<\/a><\/h2>\n<h2><a href=\"\/fr\/contactez-nous\">CONTACT<\/a><\/h2>\n<\/div><div class=\"fusion-clearfix\"><\/div><\/div><\/div><\/div><\/div><\/p>\n","protected":false},"excerpt":{"rendered":"","protected":false},"author":2,"featured_media":0,"parent":0,"menu_order":0,"comment_status":"closed","ping_status":"closed","template":"100-width.php","meta":{"_acf_changed":false,"footnotes":""},"class_list":["post-3272","page","type-page","status-publish","hentry"],"acf":[],"yoast_head":"<!-- This site is optimized with the Yoast SEO plugin v27.2 - https:\/\/yoast.com\/product\/yoast-seo-wordpress\/ -->\n<title>Plan du site - Sandbox<\/title>\n<meta name=\"description\" content=\"Retrouvez ici un plan d\u00e9taill\u00e9 du site vous permettant de consulter chacunes de nos pages ainsi que l&#039;int\u00e9gralit\u00e9 de nos articles et vid\u00e9os\" \/>\n<meta name=\"robots\" content=\"noindex, follow, max-snippet:-1, max-image-preview:large, max-video-preview:-1\" \/>\n<meta property=\"og:locale\" content=\"fr_FR\" \/>\n<meta property=\"og:type\" content=\"article\" \/>\n<meta property=\"og:title\" content=\"Plan du site - Sandbox\" \/>\n<meta property=\"og:description\" content=\"Retrouvez ici un plan d\u00e9taill\u00e9 du site vous permettant de consulter chacunes de nos pages ainsi que l&#039;int\u00e9gralit\u00e9 de nos articles et vid\u00e9os\" \/>\n<meta property=\"og:url\" content=\"https:\/\/sandbox.fondationpierrefabre.org\/fr\/plan-du-site\/\" \/>\n<meta property=\"og:site_name\" content=\"Sandbox\" \/>\n<meta property=\"article:publisher\" content=\"https:\/\/www.facebook.com\/FondationPierreFabre\/\" \/>\n<meta property=\"article:modified_time\" content=\"2019-04-11T12:46:26+00:00\" \/>\n<meta property=\"og:image\" content=\"https:\/\/sandbox.fondationpierrefabre.org\/wp-content\/uploads\/sites\/9\/2018\/04\/fondation-pierre-fabre-logo.png\" \/>\n\t<meta property=\"og:image:width\" content=\"240\" \/>\n\t<meta property=\"og:image:height\" content=\"60\" \/>\n\t<meta property=\"og:image:type\" content=\"image\/png\" \/>\n<meta name=\"twitter:card\" content=\"summary_large_image\" \/>\n<meta name=\"twitter:site\" content=\"@FondationPFabre\" \/>\n<meta name=\"twitter:label1\" content=\"Dur\u00e9e de lecture estim\u00e9e\" \/>\n\t<meta name=\"twitter:data1\" content=\"5 minutes\" \/>\n<script type=\"application\/ld+json\" class=\"yoast-schema-graph\">{\"@context\":\"https:\/\/schema.org\",\"@graph\":[{\"@type\":\"WebPage\",\"@id\":\"https:\/\/sandbox.fondationpierrefabre.org\/fr\/plan-du-site\/\",\"url\":\"https:\/\/sandbox.fondationpierrefabre.org\/fr\/plan-du-site\/\",\"name\":\"Plan du site - Sandbox\",\"isPartOf\":{\"@id\":\"https:\/\/sandbox.fondationpierrefabre.org\/fr\/#website\"},\"datePublished\":\"2018-10-02T08:21:19+00:00\",\"dateModified\":\"2019-04-11T12:46:26+00:00\",\"description\":\"Retrouvez ici un plan d\u00e9taill\u00e9 du site vous permettant de consulter chacunes de nos pages ainsi que l'int\u00e9gralit\u00e9 de nos articles et vid\u00e9os\",\"breadcrumb\":{\"@id\":\"https:\/\/sandbox.fondationpierrefabre.org\/fr\/plan-du-site\/#breadcrumb\"},\"inLanguage\":\"fr-FR\",\"potentialAction\":[{\"@type\":\"ReadAction\",\"target\":[\"https:\/\/sandbox.fondationpierrefabre.org\/fr\/plan-du-site\/\"]}]},{\"@type\":\"BreadcrumbList\",\"@id\":\"https:\/\/sandbox.fondationpierrefabre.org\/fr\/plan-du-site\/#breadcrumb\",\"itemListElement\":[{\"@type\":\"ListItem\",\"position\":1,\"name\":\"\",\"item\":\"https:\/\/sandbox.fondationpierrefabre.org\/fr\/\"},{\"@type\":\"ListItem\",\"position\":2,\"name\":\"Plan du site\"}]},{\"@type\":\"WebSite\",\"@id\":\"https:\/\/sandbox.fondationpierrefabre.org\/fr\/#website\",\"url\":\"https:\/\/sandbox.fondationpierrefabre.org\/fr\/\",\"name\":\"Sandbox\",\"description\":\"Acc\u00e8s aux soins de qualit\u00e9 pour tous\",\"potentialAction\":[{\"@type\":\"SearchAction\",\"target\":{\"@type\":\"EntryPoint\",\"urlTemplate\":\"https:\/\/sandbox.fondationpierrefabre.org\/fr\/?s={search_term_string}\"},\"query-input\":{\"@type\":\"PropertyValueSpecification\",\"valueRequired\":true,\"valueName\":\"search_term_string\"}}],\"inLanguage\":\"fr-FR\"}]}<\/script>\n<!-- \/ Yoast SEO plugin. -->","yoast_head_json":{"title":"Plan du site - Sandbox","description":"Retrouvez ici un plan d\u00e9taill\u00e9 du site vous permettant de consulter chacunes de nos pages ainsi que l'int\u00e9gralit\u00e9 de nos articles et vid\u00e9os","robots":{"index":"noindex","follow":"follow","max-snippet":"max-snippet:-1","max-image-preview":"max-image-preview:large","max-video-preview":"max-video-preview:-1"},"og_locale":"fr_FR","og_type":"article","og_title":"Plan du site - Sandbox","og_description":"Retrouvez ici un plan d\u00e9taill\u00e9 du site vous permettant de consulter chacunes de nos pages ainsi que l'int\u00e9gralit\u00e9 de nos articles et vid\u00e9os","og_url":"https:\/\/sandbox.fondationpierrefabre.org\/fr\/plan-du-site\/","og_site_name":"Sandbox","article_publisher":"https:\/\/www.facebook.com\/FondationPierreFabre\/","article_modified_time":"2019-04-11T12:46:26+00:00","og_image":[{"width":240,"height":60,"url":"https:\/\/sandbox.fondationpierrefabre.org\/wp-content\/uploads\/sites\/9\/2018\/04\/fondation-pierre-fabre-logo.png","type":"image\/png"}],"twitter_card":"summary_large_image","twitter_site":"@FondationPFabre","twitter_misc":{"Dur\u00e9e de lecture estim\u00e9e":"5 minutes"},"schema":{"@context":"https:\/\/schema.org","@graph":[{"@type":"WebPage","@id":"https:\/\/sandbox.fondationpierrefabre.org\/fr\/plan-du-site\/","url":"https:\/\/sandbox.fondationpierrefabre.org\/fr\/plan-du-site\/","name":"Plan du site - Sandbox","isPartOf":{"@id":"https:\/\/sandbox.fondationpierrefabre.org\/fr\/#website"},"datePublished":"2018-10-02T08:21:19+00:00","dateModified":"2019-04-11T12:46:26+00:00","description":"Retrouvez ici un plan d\u00e9taill\u00e9 du site vous permettant de consulter chacunes de nos pages ainsi que l'int\u00e9gralit\u00e9 de nos articles et vid\u00e9os","breadcrumb":{"@id":"https:\/\/sandbox.fondationpierrefabre.org\/fr\/plan-du-site\/#breadcrumb"},"inLanguage":"fr-FR","potentialAction":[{"@type":"ReadAction","target":["https:\/\/sandbox.fondationpierrefabre.org\/fr\/plan-du-site\/"]}]},{"@type":"BreadcrumbList","@id":"https:\/\/sandbox.fondationpierrefabre.org\/fr\/plan-du-site\/#breadcrumb","itemListElement":[{"@type":"ListItem","position":1,"name":"","item":"https:\/\/sandbox.fondationpierrefabre.org\/fr\/"},{"@type":"ListItem","position":2,"name":"Plan du site"}]},{"@type":"WebSite","@id":"https:\/\/sandbox.fondationpierrefabre.org\/fr\/#website","url":"https:\/\/sandbox.fondationpierrefabre.org\/fr\/","name":"Sandbox","description":"Acc\u00e8s aux soins de qualit\u00e9 pour tous","potentialAction":[{"@type":"SearchAction","target":{"@type":"EntryPoint","urlTemplate":"https:\/\/sandbox.fondationpierrefabre.org\/fr\/?s={search_term_string}"},"query-input":{"@type":"PropertyValueSpecification","valueRequired":true,"valueName":"search_term_string"}}],"inLanguage":"fr-FR"}]}},"_links":{"self":[{"href":"https:\/\/sandbox.fondationpierrefabre.org\/fr\/wp-json\/wp\/v2\/pages\/3272","targetHints":{"allow":["GET"]}}],"collection":[{"href":"https:\/\/sandbox.fondationpierrefabre.org\/fr\/wp-json\/wp\/v2\/pages"}],"about":[{"href":"https:\/\/sandbox.fondationpierrefabre.org\/fr\/wp-json\/wp\/v2\/types\/page"}],"author":[{"embeddable":true,"href":"https:\/\/sandbox.fondationpierrefabre.org\/fr\/wp-json\/wp\/v2\/users\/2"}],"replies":[{"embeddable":true,"href":"https:\/\/sandbox.fondationpierrefabre.org\/fr\/wp-json\/wp\/v2\/comments?post=3272"}],"version-history":[{"count":0,"href":"https:\/\/sandbox.fondationpierrefabre.org\/fr\/wp-json\/wp\/v2\/pages\/3272\/revisions"}],"wp:attachment":[{"href":"https:\/\/sandbox.fondationpierrefabre.org\/fr\/wp-json\/wp\/v2\/media?parent=3272"}],"curies":[{"name":"wp","href":"https:\/\/api.w.org\/{rel}","templated":true}]}}