{"id":3215,"date":"2018-07-16T16:55:45","date_gmt":"2018-07-16T14:55:45","guid":{"rendered":"http:\/\/dev.fondationpierrefabre.org\/mentions-legales\/"},"modified":"2019-05-22T10:45:04","modified_gmt":"2019-05-22T08:45:04","slug":"legal","status":"publish","type":"page","link":"https:\/\/sandbox.fondationpierrefabre.org\/en\/legal\/","title":{"rendered":"Legal"},"content":{"rendered":"<p><div class=\"fusion-fullwidth fullwidth-box fusion-builder-row-1 nonhundred-percent-fullwidth non-hundred-percent-height-scrolling\" style=\"--awb-border-radius-top-left:0px;--awb-border-radius-top-right:0px;--awb-border-radius-bottom-right:0px;--awb-border-radius-bottom-left:0px;--awb-background-color:#f2f2f2;--awb-flex-wrap:wrap;\" ><div class=\"fusion-builder-row fusion-row\"><div class=\"fusion-layout-column fusion_builder_column fusion-builder-column-0 fusion_builder_column_1_1 1_1 fusion-one-full fusion-column-first fusion-column-last\" style=\"--awb-bg-color:#f2f2f2;--awb-bg-color-hover:#f2f2f2;--awb-bg-size:cover;\"><div class=\"fusion-column-wrapper fusion-flex-column-wrapper-legacy\"><div class=\"fusion-text fusion-text-1\"><h1 style=\"text-align: center\">Legal<\/h1>\n<\/div><div class=\"fusion-clearfix\"><\/div><\/div><\/div><\/div><\/div><div class=\"fusion-fullwidth fullwidth-box fusion-builder-row-2 nonhundred-percent-fullwidth non-hundred-percent-height-scrolling\" style=\"--awb-border-radius-top-left:0px;--awb-border-radius-top-right:0px;--awb-border-radius-bottom-right:0px;--awb-border-radius-bottom-left:0px;--awb-padding-top:20px;--awb-flex-wrap:wrap;\" ><div class=\"fusion-builder-row fusion-row\"><div class=\"fusion-layout-column fusion_builder_column fusion-builder-column-1 fusion_builder_column_1_1 1_1 fusion-one-full fusion-column-first fusion-column-last\" style=\"--awb-bg-size:cover;\"><div class=\"fusion-column-wrapper fusion-flex-column-wrapper-legacy\"><div class=\"fusion-text fusion-text-2\"><p><span style=\"color: #14769e\"><strong>The Publisher<\/strong><\/span><\/p>\n<p><strong>Pierre Fabre Foundation<\/strong><\/p>\n<p>A public-interest foundation recognized by the decree passed on April 6, 1999, and published in the Official Journal on April 8, 1999. The head office is located at:<\/p>\n<p>15 rue Th\u00e9ron P\u00e9ri\u00e9<br \/>\n81100 Castres<br \/>\nFrance<\/p>\n<p>Telephone: +33 (0)5 63 83 12 90<br \/>\nFax: +33 (0)5 63 83 13 90<br \/>\nE-mail:\u00a0<a href=\"mailto:contact@fondationpierrefabre.org\">contact@fondationpierrefabre.org<\/a><\/p>\n<p><span style=\"color: #14769e\"><strong>Director of Publication<\/strong><\/span><\/p>\n<p>B\u00e9atrice Garrette, Managing Director<\/p>\n<p><span style=\"color: #14769e\"><strong>Hosting agency<\/strong><\/span><\/p>\n<p>OVH<br \/>\n2 rue Kellerman<br \/>\n59100 Roubaix<br \/>\nFrance<\/p>\n<p>Telephone: +33 (0)9 72 10 10 07<br \/>\nFax: +33 (0)3 20 20 09 58<br \/>\nE-mail:\u00a0<a href=\"mailto:support@ovh.com\">support@ovh.com<\/a><\/p>\n<p>The website \u00ab\u00a0<a href=\"http:\/\/sandbox.fondationpierrefabre.org\">http:\/\/sandbox.fondationpierrefabre.org<\/a>\u00a0\u00bb is the property of the Pierre Fabre Foundation.<\/p>\n<p>These general conditions of use define the conditions of access and use of the Pierre Fabre Foundation website.<\/p>\n<p>The general conditions of use apply to all connections to the website. By connecting to the site, users acknowledge that they have read and accepted these conditions. The parents or custodians of minors using the site are deemed to have accepted these general conditions of use on their behalf.<\/p>\n<p>These conditions are subject to change at any time and without notice.<\/p>\n<p><span style=\"color: #14769e\"><strong>Purpose of the site<\/strong><\/span><\/p>\n<p>This website was created to provide Web users with information about the Pierre Fabre Foundation, its organization, its programs, action and communications. The site shall not constitute a contractual offer.<\/p>\n<p><span style=\"color: #14769e\"><strong>Liability<\/strong><\/span><\/p>\n<p>The content of this site meets the applicable legal requirements. The foundation shall refrain from publishing any violent, pornographic or libelous information and\/or illegal racist, xenophobic or pedophile content or content that violates the rights of third parties and\/or human dignity.<\/p>\n<p>However, the foundation does not guarantee the data on the site is accurate, up to date and complete. Consequently, Web users are informed that, due to the high volumes of information processed, the site may contain certain inaccuracies, omissions or typographical errors. The foundation agrees to correct these errors as quickly as possible, as soon as they come to its notice or are reported. In any case, visiting the site does not exempt the user from checking the information it contains.<\/p>\n<p>The foundation shall not be held liable in any manner whatsoever for the consequences of consulting or interpreting the information published on its website.<\/p>\n<p>More particularly, the Pierre Fabre Foundation shall not be held liable for:<\/p>\n<ul>\n<li>damage that may result, directly or indirectly, from visiting the site or from using the information on the site, and in particular any loss of financial or commercial operations or any loss of programs or data in any information system, even when the foundation has been informed of the possibility of such damage;<\/li>\n<li>damage that may result from visiting other websites by clicking on the hypertext links on the foundation&#8217;s site. Web users are solely responsible for their actions on the Internet, including the use of the links on the foundation&#8217;s website, which are provided for information purposes only. Moreover, the foundation does not provide any guarantees regarding the information published on the said sites and shall not be held liable for their content;<\/li>\n<li>hyperlinks pointing to the foundation&#8217;s website. Third parties shall obtain the foundation&#8217;s approval before creating any hyperlinks pointing to its website or one of its pages. The foundation reserves the right to demand the removal of any such links.<\/li>\n<\/ul>\n<p>Moreover, the foundation shall not be held liable if the website cannot be accessed.<\/p>\n<p>The foundation also reserves the right to modify and to temporarily or permanently close all or part of the site, whenever it so wishes and without notice or compensation. The foundation shall not be held liable for any modification, interruption or suspension of the site under any circumstances.<\/p>\n<p><span style=\"color: #14769e\"><strong>Intellectual property rights<\/strong><\/span><\/p>\n<p>All the images and texts on the website are the exclusive property of the Pierre Fabre Foundation.<\/p>\n<p>The content available on the site may be downloaded and\/or printed exclusively for private use, for non-commercial purposes, and without modifying any information about intellectual property rights, and making sure that the following statement is reproduced on every copy: &#8220;This document is from the &#8220;Pierre Fabre Foundation&#8221; website (http:\/\/www.fondationpierrefabre.org). All rights of reproduction reserved.&#8221;<\/p>\n<p>Any uses other than those mentioned above are forbidden, without the prior and written approval of the foundation.<\/p>\n<p><span style=\"color: #14769e\"><strong>Protection of nominative data<\/strong><\/span><\/p>\n<p>No personal data is collected on the Pierre Fabre Foundation website without the knowledge of the Web user.<\/p>\n<p>The foundation collects certain information, such as the searches made by Web users when browsing the site, but this information is used for statistical purposes only and remains anonymous.<\/p>\n<p>However, when Web users want to contact the foundation, they can enter certain personal data in a contact form.<\/p>\n<p>The use of this personal data is subject to the provisions of law no. 78-17, passed on January 6, 1978, amended by law no. 2004-801, passed on August 6, 2004, on information technology, files and individual freedom.<\/p>\n<p>Any person whose personal data has been collected or processed through the foundation&#8217;s website has a right to access, modify, correct and delete such data, which can be exercised by writing to the Pierre Fabre Foundation&#8217;s administrative offices by post or e-mail at the following addresses (postal address: Domaine d\u2019En Doyse, Route de Saint Sulpice, 81500 Lavaur, France. E-mail address:\u00a0<a href=\"mailto:contact@fondationpierrefabre.org\">contact@fondationpierrefabre.org<\/a>).<\/p>\n<p><span style=\"color: #000000\">This data will only be stored and used for the sole purpose of communicating with the Internet user and may not be transmitted to third parties without the prior authorization of the Internet user. As for the e-mails sent to the foundation, they will be kept on a computer medium for the duration of the use of the Internet user&#8217;s personal data.<\/span><\/p>\n<p><span style=\"color: #14769e\"><strong>Cookies<\/strong><\/span><\/p>\n<p>Persistent cookies are used for statistical purposes only. The website does not install any other persistent cookies in the user&#8217;s browser. A session cookie is also used, which is only valid for the duration of the visit to the site.<\/p>\n<p>Users who do not want the statistical software that the site uses (Google Analytics) to store any information can\u00a0<a href=\"https:\/\/tools.google.com\/dlpage\/gaoptout?hl=en\">download a browser plug-in module<\/a>\u00a0that deactivates Google Analytics.<\/p>\n<p><span style=\"color: #14769e\"><strong>Applicable law and jurisdiction<\/strong><\/span><\/p>\n<p>These general conditions are governed by French law.<\/p>\n<p>If no amicable agreement can be reached, any disputes regarding the interpretation or the execution of these conditions will be referred to the French courts.<\/p>\n<\/div><div class=\"fusion-clearfix\"><\/div><\/div><\/div><\/div><\/div><\/p>\n","protected":false},"excerpt":{"rendered":"","protected":false},"author":2,"featured_media":0,"parent":0,"menu_order":0,"comment_status":"closed","ping_status":"closed","template":"100-width.php","meta":{"_acf_changed":false,"footnotes":""},"class_list":["post-3215","page","type-page","status-publish","hentry"],"acf":[],"yoast_head":"<!-- This site is optimized with the Yoast SEO plugin v27.2 - https:\/\/yoast.com\/product\/yoast-seo-wordpress\/ -->\n<title>Legal - Sandbox<\/title>\n<meta name=\"description\" content=\"Legal\" \/>\n<meta name=\"robots\" content=\"noindex, follow, max-snippet:-1, max-image-preview:large, max-video-preview:-1\" \/>\n<meta property=\"og:locale\" content=\"en_US\" \/>\n<meta property=\"og:type\" content=\"article\" \/>\n<meta property=\"og:title\" content=\"Legal - Sandbox\" \/>\n<meta property=\"og:description\" content=\"Legal\" \/>\n<meta property=\"og:url\" content=\"https:\/\/sandbox.fondationpierrefabre.org\/en\/legal\/\" \/>\n<meta property=\"og:site_name\" content=\"Sandbox\" \/>\n<meta property=\"article:publisher\" content=\"https:\/\/www.facebook.com\/FondationPierreFabre\/\" \/>\n<meta property=\"article:modified_time\" content=\"2019-05-22T08:45:04+00:00\" \/>\n<meta property=\"og:image\" content=\"https:\/\/sandbox.fondationpierrefabre.org\/wp-content\/uploads\/sites\/9\/2018\/04\/fondation-pierre-fabre-logo.png\" \/>\n\t<meta property=\"og:image:width\" content=\"240\" \/>\n\t<meta property=\"og:image:height\" content=\"60\" \/>\n\t<meta property=\"og:image:type\" content=\"image\/png\" \/>\n<meta name=\"twitter:card\" content=\"summary_large_image\" \/>\n<meta name=\"twitter:site\" content=\"@FondationPFabre\" \/>\n<meta name=\"twitter:label1\" content=\"Est. reading time\" \/>\n\t<meta name=\"twitter:data1\" content=\"7 minutes\" \/>\n<script type=\"application\/ld+json\" class=\"yoast-schema-graph\">{\"@context\":\"https:\/\/schema.org\",\"@graph\":[{\"@type\":\"WebPage\",\"@id\":\"https:\/\/sandbox.fondationpierrefabre.org\/en\/legal\/\",\"url\":\"https:\/\/sandbox.fondationpierrefabre.org\/en\/legal\/\",\"name\":\"Legal - Sandbox\",\"isPartOf\":{\"@id\":\"https:\/\/sandbox.fondationpierrefabre.org\/fr\/#website\"},\"datePublished\":\"2018-07-16T14:55:45+00:00\",\"dateModified\":\"2019-05-22T08:45:04+00:00\",\"description\":\"Legal\",\"breadcrumb\":{\"@id\":\"https:\/\/sandbox.fondationpierrefabre.org\/en\/legal\/#breadcrumb\"},\"inLanguage\":\"en-US\",\"potentialAction\":[{\"@type\":\"ReadAction\",\"target\":[\"https:\/\/sandbox.fondationpierrefabre.org\/en\/legal\/\"]}]},{\"@type\":\"BreadcrumbList\",\"@id\":\"https:\/\/sandbox.fondationpierrefabre.org\/en\/legal\/#breadcrumb\",\"itemListElement\":[{\"@type\":\"ListItem\",\"position\":1,\"name\":\"\",\"item\":\"https:\/\/sandbox.fondationpierrefabre.org\/en\/\"},{\"@type\":\"ListItem\",\"position\":2,\"name\":\"Legal\"}]},{\"@type\":\"WebSite\",\"@id\":\"https:\/\/sandbox.fondationpierrefabre.org\/fr\/#website\",\"url\":\"https:\/\/sandbox.fondationpierrefabre.org\/fr\/\",\"name\":\"Sandbox\",\"description\":\"Acc\u00e8s aux soins de qualit\u00e9 pour tous\",\"potentialAction\":[{\"@type\":\"SearchAction\",\"target\":{\"@type\":\"EntryPoint\",\"urlTemplate\":\"https:\/\/sandbox.fondationpierrefabre.org\/fr\/?s={search_term_string}\"},\"query-input\":{\"@type\":\"PropertyValueSpecification\",\"valueRequired\":true,\"valueName\":\"search_term_string\"}}],\"inLanguage\":\"en-US\"}]}<\/script>\n<!-- \/ Yoast SEO plugin. -->","yoast_head_json":{"title":"Legal - Sandbox","description":"Legal","robots":{"index":"noindex","follow":"follow","max-snippet":"max-snippet:-1","max-image-preview":"max-image-preview:large","max-video-preview":"max-video-preview:-1"},"og_locale":"en_US","og_type":"article","og_title":"Legal - Sandbox","og_description":"Legal","og_url":"https:\/\/sandbox.fondationpierrefabre.org\/en\/legal\/","og_site_name":"Sandbox","article_publisher":"https:\/\/www.facebook.com\/FondationPierreFabre\/","article_modified_time":"2019-05-22T08:45:04+00:00","og_image":[{"width":240,"height":60,"url":"https:\/\/sandbox.fondationpierrefabre.org\/wp-content\/uploads\/sites\/9\/2018\/04\/fondation-pierre-fabre-logo.png","type":"image\/png"}],"twitter_card":"summary_large_image","twitter_site":"@FondationPFabre","twitter_misc":{"Est. reading time":"7 minutes"},"schema":{"@context":"https:\/\/schema.org","@graph":[{"@type":"WebPage","@id":"https:\/\/sandbox.fondationpierrefabre.org\/en\/legal\/","url":"https:\/\/sandbox.fondationpierrefabre.org\/en\/legal\/","name":"Legal - Sandbox","isPartOf":{"@id":"https:\/\/sandbox.fondationpierrefabre.org\/fr\/#website"},"datePublished":"2018-07-16T14:55:45+00:00","dateModified":"2019-05-22T08:45:04+00:00","description":"Legal","breadcrumb":{"@id":"https:\/\/sandbox.fondationpierrefabre.org\/en\/legal\/#breadcrumb"},"inLanguage":"en-US","potentialAction":[{"@type":"ReadAction","target":["https:\/\/sandbox.fondationpierrefabre.org\/en\/legal\/"]}]},{"@type":"BreadcrumbList","@id":"https:\/\/sandbox.fondationpierrefabre.org\/en\/legal\/#breadcrumb","itemListElement":[{"@type":"ListItem","position":1,"name":"","item":"https:\/\/sandbox.fondationpierrefabre.org\/en\/"},{"@type":"ListItem","position":2,"name":"Legal"}]},{"@type":"WebSite","@id":"https:\/\/sandbox.fondationpierrefabre.org\/fr\/#website","url":"https:\/\/sandbox.fondationpierrefabre.org\/fr\/","name":"Sandbox","description":"Acc\u00e8s aux soins de qualit\u00e9 pour tous","potentialAction":[{"@type":"SearchAction","target":{"@type":"EntryPoint","urlTemplate":"https:\/\/sandbox.fondationpierrefabre.org\/fr\/?s={search_term_string}"},"query-input":{"@type":"PropertyValueSpecification","valueRequired":true,"valueName":"search_term_string"}}],"inLanguage":"en-US"}]}},"_links":{"self":[{"href":"https:\/\/sandbox.fondationpierrefabre.org\/en\/wp-json\/wp\/v2\/pages\/3215","targetHints":{"allow":["GET"]}}],"collection":[{"href":"https:\/\/sandbox.fondationpierrefabre.org\/en\/wp-json\/wp\/v2\/pages"}],"about":[{"href":"https:\/\/sandbox.fondationpierrefabre.org\/en\/wp-json\/wp\/v2\/types\/page"}],"author":[{"embeddable":true,"href":"https:\/\/sandbox.fondationpierrefabre.org\/en\/wp-json\/wp\/v2\/users\/2"}],"replies":[{"embeddable":true,"href":"https:\/\/sandbox.fondationpierrefabre.org\/en\/wp-json\/wp\/v2\/comments?post=3215"}],"version-history":[{"count":0,"href":"https:\/\/sandbox.fondationpierrefabre.org\/en\/wp-json\/wp\/v2\/pages\/3215\/revisions"}],"wp:attachment":[{"href":"https:\/\/sandbox.fondationpierrefabre.org\/en\/wp-json\/wp\/v2\/media?parent=3215"}],"curies":[{"name":"wp","href":"https:\/\/api.w.org\/{rel}","templated":true}]}}